{"id":34,"date":"2026-02-16T15:06:24","date_gmt":"2026-02-16T15:06:24","guid":{"rendered":"https:\/\/colddopamine.com\/?page_id=34"},"modified":"2026-02-17T09:20:42","modified_gmt":"2026-02-17T09:20:42","slug":"homepage","status":"publish","type":"page","link":"https:\/\/colddopamine.com\/","title":{"rendered":"Homepage"},"content":{"rendered":"\n<div class=\"wp-block-cover alignfull is-light\" style=\"min-height:100vh;aspect-ratio:unset;\"><video class=\"wp-block-cover__video-background intrinsic-ignore\" autoplay muted loop playsinline src=\"https:\/\/demo.wpzoom.com\/inspiro-lite\/files\/2022\/03\/Pexels-Videos-1409899-1.mp4\" data-object-fit=\"cover\"><\/video><span aria-hidden=\"true\" class=\"wp-block-cover__background has-background-dim-20 has-background-dim\"><\/span><div class=\"wp-block-cover__inner-container has-global-padding is-layout-constrained wp-block-cover-is-layout-constrained\">\n<p class=\"has-text-align-center has-white-color has-text-color wp-block-paragraph\" style=\"font-size:clamp(35.641px, 2.228rem + ((1vw - 3.2px) * 2.598), 65px);font-style:normal;font-weight:500;line-height:1.6\"><strong>C\u00d8LD D\u00d8\ua7fcAMI\u0418E<\/strong><\/p>\n\n\n\n<div style=\"height:18px\" aria-hidden=\"true\" class=\"wp-block-spacer\"><\/div>\n\n\n\n<p class=\"has-text-align-center has-white-color has-text-color has-large-font-size wp-block-paragraph\"><strong>From weak to powerful, cause We Are One !<\/strong><\/p>\n\n\n\n<div style=\"height:22px\" aria-hidden=\"true\" class=\"wp-block-spacer\"><\/div>\n\n\n\n<p class=\"has-text-align-center has-white-color has-text-color has-medium-font-size wp-block-paragraph\">\u00ab\u00a0Au combat, tu agis sans passion et sans haine, tu respectes les ennemis vaincus, tu n\u2019abandonnes jamais ni tes morts, ni tes bless\u00e9s, ni tes armes.\u00a0\u00bb<br>(Article 7 of the Foreign Legion Code of Honor)<br><br>\u00ab\u00a0In combat, you act without passion and without hatred, you respect enemies who have been defeated, you never abandon your dead, your wounded, nor your equipment.\u00a0\u00bb<br>(Article 7 of the Foreign Legion Code of Honor)<br><br><\/p>\n\n\n\n<figure class=\"wp-block-image aligncenter size-large is-resized\"><img loading=\"lazy\" decoding=\"async\" width=\"1024\" height=\"558\" src=\"http:\/\/colddopamine.com\/wp-content\/uploads\/2026\/02\/COLD_DOPAMINE-LOGO-2026-BLANC-V3-1024x558.png\" alt=\"\" class=\"wp-image-57\" style=\"aspect-ratio:1.835164835164835;width:121px;height:auto\" srcset=\"https:\/\/colddopamine.com\/wp-content\/uploads\/2026\/02\/COLD_DOPAMINE-LOGO-2026-BLANC-V3-1024x558.png 1024w, https:\/\/colddopamine.com\/wp-content\/uploads\/2026\/02\/COLD_DOPAMINE-LOGO-2026-BLANC-V3-300x164.png 300w, https:\/\/colddopamine.com\/wp-content\/uploads\/2026\/02\/COLD_DOPAMINE-LOGO-2026-BLANC-V3.png 1042w\" sizes=\"auto, (max-width: 1024px) 100vw, 1024px\" \/><\/figure>\n\n\n\n<div style=\"height:19px\" aria-hidden=\"true\" class=\"wp-block-spacer\"><\/div>\n<\/div><\/div>\n\n\n\n<div style=\"height:57px\" aria-hidden=\"true\" class=\"wp-block-spacer\"><\/div>\n\n\n\n<div class=\"wp-block-group has-global-padding is-layout-constrained wp-block-group-is-layout-constrained\">\n<h2 class=\"wp-block-heading has-text-align-center has-medium-font-size\" style=\"letter-spacing:1px\">An echo of emptiness ? A sense of absence ?<br> <br>Use it. It is time to lay the foundations of something that can never be broken.<br><br>It is time to build something invincible.<br><br><br>WELCOME ON BOARD !<br><br><\/h2>\n\n\n\n<figure class=\"wp-block-image size-large is-resized\"><img loading=\"lazy\" decoding=\"async\" width=\"1024\" height=\"614\" src=\"http:\/\/colddopamine.com\/wp-content\/uploads\/2026\/02\/SEALS_BOAT_03-1024x614.jpg\" alt=\"\" class=\"wp-image-58\" style=\"width:1200px;height:auto\" srcset=\"https:\/\/colddopamine.com\/wp-content\/uploads\/2026\/02\/SEALS_BOAT_03-1024x614.jpg 1024w, https:\/\/colddopamine.com\/wp-content\/uploads\/2026\/02\/SEALS_BOAT_03-300x180.jpg 300w, https:\/\/colddopamine.com\/wp-content\/uploads\/2026\/02\/SEALS_BOAT_03.jpg 2000w\" sizes=\"auto, (max-width: 1024px) 100vw, 1024px\" \/><\/figure>\n\n\n\n<div id=\"services\" class=\"wp-block-group alignfull pattern_multiple_covers has-background has-global-padding is-layout-constrained wp-block-group-is-layout-constrained\">\n<h2 class=\"wp-block-heading has-text-align-center\"><br>Our Promise :<br>To forge a character that knows no surrender !<\/h2>\n\n\n\n<p class=\"has-text-align-center wp-block-paragraph\">This platform is dedicated to sharing and exploring the core principles of Stoic thinkers from Imperial Stoicism.<\/p>\n\n\n\n<p class=\"has-text-align-center wp-block-paragraph\">Our goal is to provide reliable guidance for the steady, mindful development of your character.<\/p>\n\n\n\n<div style=\"height:46px\" aria-hidden=\"true\" class=\"wp-block-spacer\"><\/div>\n<\/div>\n<\/div>\n\n\n\n<figure class=\"wp-block-image alignwide size-large\"><img loading=\"lazy\" decoding=\"async\" width=\"1024\" height=\"614\" src=\"http:\/\/colddopamine.com\/wp-content\/uploads\/2026\/02\/SEALS_CHECK_05-1024x614.jpg\" alt=\"\" class=\"wp-image-15\" srcset=\"https:\/\/colddopamine.com\/wp-content\/uploads\/2026\/02\/SEALS_CHECK_05-1024x614.jpg 1024w, https:\/\/colddopamine.com\/wp-content\/uploads\/2026\/02\/SEALS_CHECK_05-300x180.jpg 300w, https:\/\/colddopamine.com\/wp-content\/uploads\/2026\/02\/SEALS_CHECK_05.jpg 2000w\" sizes=\"auto, (max-width: 1024px) 100vw, 1024px\" \/><\/figure>\n\n\n\n<div id=\"services\" class=\"wp-block-group alignfull pattern_multiple_covers has-background has-global-padding is-layout-constrained wp-block-group-is-layout-constrained\">\n<div style=\"height:84px\" aria-hidden=\"true\" class=\"wp-block-spacer\"><\/div>\n\n\n\n<h2 class=\"wp-block-heading has-text-align-center\">Our process : <br>Providing the historically accurate teachings and principles of Imperial Stoicism<\/h2>\n\n\n\n<p class=\"has-text-align-center wp-block-paragraph\">This is a sanctuary for those seeking the profound insights of Imperial Stoicism to your personal journey.<\/p>\n\n\n\n<p class=\"has-text-align-center wp-block-paragraph\">We are here to walk with you as you build the inner strength and resilience your heart deserves.<\/p>\n\n\n\n<p class=\"has-text-align-center wp-block-paragraph\">All our literary materials are selected from recognized university corpuses.<\/p>\n\n\n\n<p class=\"has-text-align-center wp-block-paragraph\">Every citation is fully verified and sourced from affordable, widely available publications to ensure transparency and ease of access.<\/p>\n\n\n\n<figure class=\"wp-block-image alignwide size-large\"><img loading=\"lazy\" decoding=\"async\" width=\"1024\" height=\"614\" src=\"http:\/\/colddopamine.com\/wp-content\/uploads\/2026\/02\/PHARE_03-1024x614.jpg\" alt=\"\" class=\"wp-image-60\" srcset=\"https:\/\/colddopamine.com\/wp-content\/uploads\/2026\/02\/PHARE_03-1024x614.jpg 1024w, https:\/\/colddopamine.com\/wp-content\/uploads\/2026\/02\/PHARE_03-300x180.jpg 300w, https:\/\/colddopamine.com\/wp-content\/uploads\/2026\/02\/PHARE_03.jpg 2000w\" sizes=\"auto, (max-width: 1024px) 100vw, 1024px\" \/><\/figure>\n\n\n\n<div style=\"height:46px\" aria-hidden=\"true\" class=\"wp-block-spacer\"><\/div>\n<\/div>\n\n\n\n<div id=\"services\" class=\"wp-block-group alignfull pattern_multiple_covers has-background has-global-padding is-layout-constrained wp-block-group-is-layout-constrained\">\n<div style=\"height:84px\" aria-hidden=\"true\" class=\"wp-block-spacer\"><\/div>\n\n\n\n<h2 class=\"wp-block-heading has-text-align-center\">Please, Be patient and trus the process :<br> <br>Growth takes time, Read, contemplate, and take incremental action. <br>Every step forward, no matter how small, remains a victory<\/h2>\n\n\n\n<p class=\"has-text-align-center wp-block-paragraph\">Reatness is never a sudden spark. It is a slow, relentless fire. Mastery demands the courage to endure the process.<\/p>\n\n\n\n<p class=\"has-text-align-center wp-block-paragraph\">Like a fruit ripening in the sun, your growth deserves the time it takes to become beautiful..<\/p>\n\n\n\n<p class=\"has-text-align-center wp-block-paragraph\">Allow yourself the time to build a foundation that will stand the test of time.<\/p>\n\n\n\n<p class=\"has-text-align-center wp-block-paragraph\">Every citation is fully verified and sourced from affordable, widely available publications to ensure transparency and ease of access.<\/p>\n\n\n\n<div style=\"height:46px\" aria-hidden=\"true\" class=\"wp-block-spacer\"><\/div>\n\n\n\n<figure class=\"wp-block-image alignwide size-large\"><img loading=\"lazy\" decoding=\"async\" width=\"1024\" height=\"614\" src=\"http:\/\/colddopamine.com\/wp-content\/uploads\/2026\/02\/MER_VAGUES_03-1024x614.jpg\" alt=\"\" class=\"wp-image-59\" srcset=\"https:\/\/colddopamine.com\/wp-content\/uploads\/2026\/02\/MER_VAGUES_03-1024x614.jpg 1024w, https:\/\/colddopamine.com\/wp-content\/uploads\/2026\/02\/MER_VAGUES_03-300x180.jpg 300w, https:\/\/colddopamine.com\/wp-content\/uploads\/2026\/02\/MER_VAGUES_03.jpg 2000w\" sizes=\"auto, (max-width: 1024px) 100vw, 1024px\" \/><\/figure>\n\n\n\n<div style=\"height:103px\" aria-hidden=\"true\" class=\"wp-block-spacer\"><\/div>\n<\/div>\n\n\n\n<div class=\"wp-block-cover alignfull has-parallax is-position-center-center\" style=\"border-radius:0px\"><div class=\"wp-block-cover__image-background wp-image-24 has-parallax\" style=\"background-position:80% 77%;background-image:url(https:\/\/colddopamine.com\/wp-content\/themes\/inspiro\/assets\/images\/StockSnap_M6D1GS9PSL.jpg)\"><\/div><span aria-hidden=\"true\" class=\"wp-block-cover__background has-black-background-color has-background-dim-40 has-background-dim\"><\/span><div class=\"wp-block-cover__inner-container is-layout-flow wp-block-cover-is-layout-flow\">\n<div class=\"wp-block-cover aligncenter is-light has-aspect-ratio\" style=\"border-style:none;border-width:0px;border-top-left-radius:69px;border-top-right-radius:69px;border-bottom-left-radius:69px;border-bottom-right-radius:69px;padding-top:0;padding-right:0;padding-bottom:0;padding-left:0;font-size:clamp(14px, 0.875rem + ((1vw - 3.2px) * 0.265), 17px);min-height:566px;aspect-ratio:16\/9;height:unset;min-height:unset;\"><span aria-hidden=\"true\" class=\"wp-block-cover__background has-background-dim-40 has-background-dim\"><\/span><div class=\"wp-block-cover__inner-container has-global-padding is-layout-constrained wp-container-core-cover-is-layout-98e5c2d4 wp-block-cover-is-layout-constrained\">\n<div class=\"wp-block-group alignwide has-global-padding is-layout-constrained wp-block-group-is-layout-constrained\">\n<h3 class=\"wp-block-heading has-text-align-center has-text-color has-medium-font-size\" style=\"color:#fffffa;text-transform:uppercase\">Who am I ?<\/h3>\n\n\n\n<p class=\"has-text-align-center has-white-color has-text-color wp-block-paragraph\"> <\/p>\n\n\n\n<p class=\"has-text-align-center has-white-color has-text-color wp-block-paragraph\">I am a 52-year-old French father, I have never felt so isolated despite having three children raised according to French middle-class standards, I have never felt so weakened and lacking in resources.<\/p>\n\n\n\n<p class=\"has-text-align-center has-white-color has-text-color wp-block-paragraph\">I have two doctors, a psychiatrist, a psychologist. But no one has provided as much support as Marcus Aurelius, Seneca, Epictetus. As well as Shakespeare, Ren\u00e9 Girard, Antoine de Saint-Exup\u00e9ry, Simone Weil, among the most prominent. May the citations I share with you be as helpful to you as they are to me.<br><\/p>\n\n\n\n<p class=\"has-text-align-center has-white-color has-text-color wp-block-paragraph\">I share these resources here to offer you the same grounding they gave me. These quotes are my lifeline. I hope they become yours, too.<\/p>\n\n\n\n<p class=\"has-text-align-center wp-block-paragraph\">Excuse my US\/english langage is poor, but I progress day after day (Thanks Gemini ! ).<\/p>\n\n\n\n<div style=\"height:31px\" aria-hidden=\"true\" class=\"wp-block-spacer\"><\/div>\n\n\n\n<div class=\"wp-block-buttons is-horizontal is-content-justification-center is-layout-flex wp-container-core-buttons-is-layout-a9e21a43 wp-block-buttons-is-layout-flex\">\n<div class=\"wp-block-button is-style-outline is-style-outline--1\"><a class=\"wp-block-button__link has-white-color has-text-color wp-element-button\" href=\"#\" style=\"border-radius:0px\">CONTACT US<\/a><\/div>\n<\/div>\n<\/div>\n<\/div><\/div>\n<\/div><\/div>\n\n\n  \n  \n  <div class=\"\n    mailpoet_form_popup_overlay\n      \"><\/div>\n  <div\n    id=\"mailpoet_form_2\"\n    class=\"\n      mailpoet_form\n      mailpoet_form_html\n      mailpoet_form_position_\n      mailpoet_form_animation_\n    \"\n      >\n\n    <style type=\"text\/css\">\n     #mailpoet_form_2 .mailpoet_form {  }\n#mailpoet_form_2 form { margin-bottom: 0; }\n#mailpoet_form_2 p.mailpoet_form_paragraph.last { margin-bottom: 5px; }\n#mailpoet_form_2 h2.mailpoet-heading { margin-bottom: 20px; margin-top: 0; }\n#mailpoet_form_2 .mailpoet_column_with_background { padding: 10px; }\n#mailpoet_form_2 .mailpoet_form_column:not(:first-child) { margin-left: 20px; }\n#mailpoet_form_2 .mailpoet_paragraph { line-height: 20px; margin-bottom: 20px; }\n#mailpoet_form_2 .mailpoet_segment_label, #mailpoet_form_2 .mailpoet_text_label, #mailpoet_form_2 .mailpoet_textarea_label, #mailpoet_form_2 .mailpoet_select_label, #mailpoet_form_2 .mailpoet_radio_label, #mailpoet_form_2 .mailpoet_checkbox_label, #mailpoet_form_2 .mailpoet_list_label, #mailpoet_form_2 .mailpoet_date_label { display: block; font-weight: normal; }\n#mailpoet_form_2 .mailpoet_text, #mailpoet_form_2 .mailpoet_textarea, #mailpoet_form_2 .mailpoet_select, #mailpoet_form_2 .mailpoet_date_month, #mailpoet_form_2 .mailpoet_date_day, #mailpoet_form_2 .mailpoet_date_year, #mailpoet_form_2 .mailpoet_date { display: block; }\n#mailpoet_form_2 .mailpoet_text, #mailpoet_form_2 .mailpoet_textarea { width: 200px; }\n#mailpoet_form_2 .mailpoet_checkbox {  }\n#mailpoet_form_2 .mailpoet_submit {  }\n#mailpoet_form_2 .mailpoet_divider {  }\n#mailpoet_form_2 .mailpoet_message {  }\n#mailpoet_form_2 .mailpoet_form_loading { width: 30px; text-align: center; line-height: normal; }\n#mailpoet_form_2 .mailpoet_form_loading > span { width: 5px; height: 5px; background-color: #5b5b5b; }#mailpoet_form_2{border-radius: 10px;background: url(https:\/\/ps.w.org\/mailpoet\/assets\/form-templates\/template-6\/form-bg.jpg) center \/ cover no-repeat, #ffffff;color: #ffffff;text-align: left;}#mailpoet_form_2 form.mailpoet_form {padding: 35px;}#mailpoet_form_2{width: 100%;}#mailpoet_form_2 .mailpoet_message {margin: 0; padding: 0 20px;}\n        #mailpoet_form_2 .mailpoet_validate_success {color: #00d084}\n        #mailpoet_form_2 input.parsley-success {color: #00d084}\n        #mailpoet_form_2 select.parsley-success {color: #00d084}\n        #mailpoet_form_2 textarea.parsley-success {color: #00d084}\n      \n        #mailpoet_form_2 .mailpoet_validate_error {color: #cf2e2e}\n        #mailpoet_form_2 input.parsley-error {color: #cf2e2e}\n        #mailpoet_form_2 select.parsley-error {color: #cf2e2e}\n        #mailpoet_form_2 textarea.textarea.parsley-error {color: #cf2e2e}\n        #mailpoet_form_2 .parsley-errors-list {color: #cf2e2e}\n        #mailpoet_form_2 .parsley-required {color: #cf2e2e}\n        #mailpoet_form_2 .parsley-custom-error-message {color: #cf2e2e}\n      #mailpoet_form_2 .mailpoet_paragraph.last {margin-bottom: 0} @media (max-width: 500px) {#mailpoet_form_2 {background: #ffffff;}} @media (min-width: 500px) {#mailpoet_form_2 .last .mailpoet_paragraph:last-child {margin-bottom: 0}}  @media (max-width: 500px) {#mailpoet_form_2 .mailpoet_form_column:last-child .mailpoet_paragraph:last-child {margin-bottom: 0}} \n    <\/style>\n\n    <form\n      target=\"_self\"\n      method=\"post\"\n      action=\"https:\/\/colddopamine.com\/wp-admin\/admin-post.php?action=mailpoet_subscription_form\"\n      class=\"mailpoet_form mailpoet_form_form mailpoet_form_html\"\n      novalidate\n      data-delay=\"\"\n      data-exit-intent-enabled=\"\"\n      data-font-family=\"\"\n      data-cookie-expiration-time=\"\"\n    >\n      <input type=\"hidden\" name=\"data[form_id]\" value=\"2\" \/>\n      <input type=\"hidden\" name=\"token\" value=\"a7c9237d61\" \/>\n      <input type=\"hidden\" name=\"api_version\" value=\"v1\" \/>\n      <input type=\"hidden\" name=\"endpoint\" value=\"subscribers\" \/>\n      <input type=\"hidden\" name=\"mailpoet_method\" value=\"subscribe\" \/>\n\n      <label class=\"mailpoet_hp_email_label\" style=\"display: none !important;\">Veuillez laisser ce champ vide<input type=\"email\" name=\"data[email]\"\/><\/label><h2 class=\"mailpoet-heading  mailpoet-has-font-size\" style=\"text-align: center; color: #38527a; font-size: 20px; line-height: 1.5\"><span style=\"font-family: Montserrat\" data-font=\"Montserrat\" class=\"mailpoet-has-font\"><strong>Keep in touch ! <\/strong><\/span>Read our neewsletter.<\/h2>\n<div class='mailpoet_form_columns_container'><div class=\"mailpoet_form_columns mailpoet_paragraph mailpoet_stack_on_mobile\"><div class=\"mailpoet_form_column\" style=\"flex-basis:10%;\"><\/div>\n<div class=\"mailpoet_form_column\" style=\"flex-basis:40%;\"><div class=\"mailpoet_paragraph \"><style>input[name=\"data[form_field_MzQ2NjIwZDAwMDQzX2VtYWls]\"]::placeholder{color:#38527a;opacity: 1;}<\/style><input type=\"email\" autocomplete=\"email\" class=\"mailpoet_text\" id=\"form_email_2\" name=\"data[form_field_MzQ2NjIwZDAwMDQzX2VtYWls]\" title=\"Your e-mail\" value=\"\" style=\"width:100%;box-sizing:border-box;background-color:#f8fbff;border-style:solid;border-radius:10px !important;border-width:0px;padding:12px;margin: 0 auto 0 0;font-family:&#039;Montserrat&#039;;font-size:16px;line-height:1.5;height:auto;color:#38527a;\" data-automation-id=\"form_email\"  placeholder=\"Your e-mail *\" aria-label=\"Your e-mail *\" data-parsley-errors-container=\".mailpoet_error_1ymph\" data-parsley-required=\"true\" required aria-required=\"true\" data-parsley-minlength=\"6\" data-parsley-maxlength=\"150\" data-parsley-type-message=\"Cette valeur doit \u00eatre un e-mail valide.\" data-parsley-required-message=\"Ce champ est n\u00e9cessaire.\"\/><span class=\"mailpoet_error_1ymph\"><\/span><\/div>\n<\/div>\n<div class=\"mailpoet_form_column\" style=\"flex-basis:40%;\"><div class=\"mailpoet_paragraph \"><input type=\"submit\" class=\"mailpoet_submit\" value=\"Join the Team\" data-automation-id=\"subscribe-submit-button\" data-font-family='Montserrat' style=\"width:100%;box-sizing:border-box;border-style:solid;border-radius:10px !important;border-width:0px;padding:12px;margin: 0 auto 0 0;font-family:&#039;Montserrat&#039;;font-size:16px;line-height:1.5;height:auto;color:#ffffff;border-color:transparent;background: linear-gradient(0deg,rgb(56,82,122) 0%,rgb(81,128,199) 100%);font-weight:bold;\" \/><span class=\"mailpoet_form_loading\"><span class=\"mailpoet_bounce1\"><\/span><span class=\"mailpoet_bounce2\"><\/span><span class=\"mailpoet_bounce3\"><\/span><\/span><\/div>\n<\/div>\n<div class=\"mailpoet_form_column\" style=\"flex-basis:10%;\"><\/div>\n<\/div><\/div>\n<p class=\"mailpoet_form_paragraph  mailpoet-has-font-size\" style=\"text-align: center; color: #38527a; font-size: 14px; line-height: 1.5\"><strong><span style=\"font-family: Montserrat\" data-font=\"Montserrat\" class=\"mailpoet-has-font\">Your privacy is non-negotiable. We maintain a strict no-spam policy to ensure your peace of mind<\/span><\/strong>.<\/p>\n\n      <div class=\"mailpoet_message\">\n        <p class=\"mailpoet_validate_success\"\n                style=\"display:none;\"\n                >V\u00e9rifiez votre boite de r\u00e9ception ou votre r\u00e9pertoire d\u2019ind\u00e9sirables pour confirmer votre abonnement.\n        <\/p>\n        <p class=\"mailpoet_validate_error\"\n                style=\"display:none;\"\n                >        <\/p>\n      <\/div>\n    <\/form>\n\n      <\/div>\n\n  \n\n\n<div id=\"news\" class=\"wp-block-group has-global-padding is-layout-constrained wp-block-group-is-layout-constrained\">\n<div style=\"height:108px\" aria-hidden=\"true\" class=\"wp-block-spacer\"><\/div>\n\n\n\n<p class=\"has-text-align-left has-secondary-color has-text-color wp-block-paragraph\">FROM THE BLOG<\/p>\n\n\n\n<h2 class=\"wp-block-heading has-text-align-left\">Latest News<\/h2>\n\n\n\n<div style=\"height:33px\" aria-hidden=\"true\" class=\"wp-block-spacer\"><\/div>\n\n\n\n<div class=\"wp-block-query is-layout-flow wp-block-query-is-layout-flow\"><ul class=\"columns-3 wp-block-post-template is-layout-grid wp-container-core-post-template-is-layout-26907f6f wp-block-post-template-is-layout-grid\"><li class=\"wp-block-post post-1 post type-post status-publish format-standard hentry category-uncategorized\">\n\n\n<div style=\"margin-top:0;margin-bottom:0;\" class=\"has-link-color wp-elements-28db3c941e5388f569849f9c60105b68 wp-block-post-date has-text-color has-tertiary-color\"><time datetime=\"2025-12-28T18:14:37+00:00\">d\u00e9cembre 28, 2025<\/time><\/div>\n\n<h3 style=\"margin-top:0;margin-bottom:var(--wp--preset--spacing--x-small);\" class=\"has-link-color wp-elements-890e122cb8f7d50c804928eb3aae00f9 wp-block-post-title\"><a href=\"https:\/\/colddopamine.com\/index.php\/2025\/12\/28\/hello-world\/\" target=\"_self\" >Hello world!<\/a><\/h3>\n\n<div class=\"has-link-color wp-elements-39a4f4999cee5244d6bec43f90e0f136 wp-block-post-excerpt has-text-color has-tertiary-color\"><p class=\"wp-block-post-excerpt__excerpt\">Welcome to WordPress. This is your first post. Edit or delete it, then start writing! <\/p><\/div>\n\n<a style=\"text-transform:uppercase; border-width:2px; padding-right:var(--wp--preset--spacing--x-small);padding-left:var(--wp--preset--spacing--x-small);padding-top:10px;padding-bottom:10px;\" class=\"wp-block-read-more has-text-color has-foreground-color\" href=\"https:\/\/colddopamine.com\/index.php\/2025\/12\/28\/hello-world\/\" target=\"_self\">Lire la suite<span class=\"screen-reader-text\">\u00a0: Hello world!<\/span><\/a>\n<\/li><\/ul>\n\n<\/div>\n\n\n\n<div style=\"height:85px\" aria-hidden=\"true\" class=\"wp-block-spacer\"><\/div>\n<\/div>\n","protected":false},"excerpt":{"rendered":"<p>An echo of emptiness ? A sense of absence ? Use it. It is time to lay the foundations of something that can never be broken. It is time to build something invincible. WELCOME ON BOARD ! Our Promise :To forge a character that knows no surrender ! This platform is dedicated to sharing and &hellip; <\/p>\n<p class=\"link-more\"><a href=\"https:\/\/colddopamine.com\/\" class=\"more-link\">Lire la suite de<span class=\"screen-reader-text\">\u00ab\u00a0Homepage\u00a0\u00bb<\/span><\/a><\/p>\n","protected":false},"author":1,"featured_media":0,"parent":0,"menu_order":0,"comment_status":"closed","ping_status":"closed","template":"page-templates\/homepage-builder-bb.php","meta":{"_crdt_document":"","_inspiro_hide_title":false,"footnotes":""},"class_list":["post-34","page","type-page","status-publish","hentry"],"_links":{"self":[{"href":"https:\/\/colddopamine.com\/index.php\/wp-json\/wp\/v2\/pages\/34","targetHints":{"allow":["GET"]}}],"collection":[{"href":"https:\/\/colddopamine.com\/index.php\/wp-json\/wp\/v2\/pages"}],"about":[{"href":"https:\/\/colddopamine.com\/index.php\/wp-json\/wp\/v2\/types\/page"}],"author":[{"embeddable":true,"href":"https:\/\/colddopamine.com\/index.php\/wp-json\/wp\/v2\/users\/1"}],"replies":[{"embeddable":true,"href":"https:\/\/colddopamine.com\/index.php\/wp-json\/wp\/v2\/comments?post=34"}],"version-history":[{"count":32,"href":"https:\/\/colddopamine.com\/index.php\/wp-json\/wp\/v2\/pages\/34\/revisions"}],"predecessor-version":[{"id":95,"href":"https:\/\/colddopamine.com\/index.php\/wp-json\/wp\/v2\/pages\/34\/revisions\/95"}],"wp:attachment":[{"href":"https:\/\/colddopamine.com\/index.php\/wp-json\/wp\/v2\/media?parent=34"}],"curies":[{"name":"wp","href":"https:\/\/api.w.org\/{rel}","templated":true}]}}